{"id":366,"date":"2019-11-28T11:50:23","date_gmt":"2019-11-28T14:50:23","guid":{"rendered":"http:\/\/www.verdeplaza.com.br\/hotelemlivramento\/?page_id=366"},"modified":"2019-11-28T11:50:23","modified_gmt":"2019-11-28T14:50:23","slug":"lavanderia","status":"publish","type":"page","link":"https:\/\/portalhotel.com.br\/hospedagem\/lavanderia\/","title":{"rendered":"Lavanderia"},"content":{"rendered":"\n<p>Caso necessite lavar ou passar alguma pe\u00e7a de roupa que voc\u00ea trouxe na viagem, \u00e9 poss\u00edvel fazer uso do servi\u00e7o de lavanderia do hotel, que oferece aos h\u00f3spedes muita tranquilidade, comodidade e efici\u00eancia na presta\u00e7\u00e3o do servi\u00e7o. Desta forma voc\u00ea pode desfrutar mais da sua estada conosco. <\/p>\n","protected":false},"excerpt":{"rendered":"<p>Caso necessite lavar ou passar alguma pe\u00e7a de roupa que voc\u00ea trouxe na viagem, \u00e9 poss\u00edvel fazer uso do servi\u00e7o de lavanderia do hotel, que oferece aos h\u00f3spedes muita tranquilidade, comodidade e efici\u00eancia na presta\u00e7\u00e3o do servi\u00e7o. Desta forma voc\u00ea pode desfrutar mais da sua estada conosco.<\/p>\n","protected":false},"author":1,"featured_media":0,"parent":0,"menu_order":0,"comment_status":"closed","ping_status":"closed","template":"","meta":{"_monsterinsights_skip_tracking":false,"_monsterinsights_sitenote_active":false,"_monsterinsights_sitenote_note":"","_monsterinsights_sitenote_category":0,"footnotes":""},"class_list":["post-366","page","type-page","status-publish","hentry"],"aioseo_notices":[],"_links":{"self":[{"href":"https:\/\/portalhotel.com.br\/hospedagem\/wp-json\/wp\/v2\/pages\/366","targetHints":{"allow":["GET"]}}],"collection":[{"href":"https:\/\/portalhotel.com.br\/hospedagem\/wp-json\/wp\/v2\/pages"}],"about":[{"href":"https:\/\/portalhotel.com.br\/hospedagem\/wp-json\/wp\/v2\/types\/page"}],"author":[{"embeddable":true,"href":"https:\/\/portalhotel.com.br\/hospedagem\/wp-json\/wp\/v2\/users\/1"}],"replies":[{"embeddable":true,"href":"https:\/\/portalhotel.com.br\/hospedagem\/wp-json\/wp\/v2\/comments?post=366"}],"version-history":[{"count":0,"href":"https:\/\/portalhotel.com.br\/hospedagem\/wp-json\/wp\/v2\/pages\/366\/revisions"}],"wp:attachment":[{"href":"https:\/\/portalhotel.com.br\/hospedagem\/wp-json\/wp\/v2\/media?parent=366"}],"curies":[{"name":"wp","href":"https:\/\/api.w.org\/{rel}","templated":true}]}}