{"id":345,"date":"2019-11-28T11:46:59","date_gmt":"2019-11-28T14:46:59","guid":{"rendered":"http:\/\/www.verdeplaza.com.br\/hotelemlivramento\/?page_id=345"},"modified":"2021-06-14T09:20:19","modified_gmt":"2021-06-14T12:20:19","slug":"cafe-da-manha","status":"publish","type":"page","link":"https:\/\/portalhotel.com.br\/hospedagem\/cafe-da-manha\/","title":{"rendered":"Caf\u00e9 da Manh\u00e3"},"content":{"rendered":"\t\t<div data-elementor-type=\"wp-page\" data-elementor-id=\"345\" class=\"elementor elementor-345\" data-elementor-post-type=\"page\">\n\t\t\t\t\t\t<section class=\"has_eae_slider elementor-section elementor-top-section elementor-element elementor-element-75a684c8 elementor-section-boxed elementor-section-height-default elementor-section-height-default\" data-id=\"75a684c8\" data-element_type=\"section\">\n\t\t\t\t\t\t<div class=\"elementor-container elementor-column-gap-default\">\n\t\t\t\t\t<div class=\"has_eae_slider elementor-column elementor-col-100 elementor-top-column elementor-element elementor-element-4033a88f\" data-id=\"4033a88f\" data-element_type=\"column\">\n\t\t\t<div class=\"elementor-widget-wrap elementor-element-populated\">\n\t\t\t\t\t\t<div class=\"elementor-element elementor-element-ad811ea elementor-widget elementor-widget-heading\" data-id=\"ad811ea\" data-element_type=\"widget\" data-widget_type=\"heading.default\">\n\t\t\t\t<div class=\"elementor-widget-container\">\n\t\t\t<style>\/*! elementor - v3.20.0 - 20-03-2024 *\/\n.elementor-heading-title{padding:0;margin:0;line-height:1}.elementor-widget-heading .elementor-heading-title[class*=elementor-size-]>a{color:inherit;font-size:inherit;line-height:inherit}.elementor-widget-heading .elementor-heading-title.elementor-size-small{font-size:15px}.elementor-widget-heading .elementor-heading-title.elementor-size-medium{font-size:19px}.elementor-widget-heading .elementor-heading-title.elementor-size-large{font-size:29px}.elementor-widget-heading .elementor-heading-title.elementor-size-xl{font-size:39px}.elementor-widget-heading .elementor-heading-title.elementor-size-xxl{font-size:59px}<\/style><h1 class=\"elementor-heading-title elementor-size-default\">Caf\u00e9 da Manh\u00e3<\/h1>\t\t<\/div>\n\t\t\t\t<\/div>\n\t\t\t\t<div class=\"elementor-element elementor-element-e3ee7bd elementor-widget elementor-widget-text-editor\" data-id=\"e3ee7bd\" data-element_type=\"widget\" data-widget_type=\"text-editor.default\">\n\t\t\t\t<div class=\"elementor-widget-container\">\n\t\t\t<style>\/*! elementor - v3.20.0 - 20-03-2024 *\/\n.elementor-widget-text-editor.elementor-drop-cap-view-stacked .elementor-drop-cap{background-color:#69727d;color:#fff}.elementor-widget-text-editor.elementor-drop-cap-view-framed .elementor-drop-cap{color:#69727d;border:3px solid;background-color:transparent}.elementor-widget-text-editor:not(.elementor-drop-cap-view-default) .elementor-drop-cap{margin-top:8px}.elementor-widget-text-editor:not(.elementor-drop-cap-view-default) .elementor-drop-cap-letter{width:1em;height:1em}.elementor-widget-text-editor .elementor-drop-cap{float:left;text-align:center;line-height:1;font-size:50px}.elementor-widget-text-editor .elementor-drop-cap-letter{display:inline-block}<\/style>\t\t\t\t<p>Todas as di\u00e1rias incluem um saboroso caf\u00e9 da manh\u00e3 composto pelos seguintes itens: bolo doce (oito variedades), bolo salgado (duas variedades), frios (queijo, presunto, mortadela, salaminho e queijo col\u00f4nia), sucos de caixa (abacaxi e laranja), croissants doces e salgados, p\u00e3es (cacetinho, fofinho integral, fofinho doce, p\u00e3o italiano, p\u00e3o de forma e branco), iogurte (morango e salada de fruta), frutas (mam\u00e3o, abacaxi e mel\u00e3o) e salada de frutas, variedade de cereais e de geleias, omelete e molho de salsicha.<\/p>\n<p><strong>Hor\u00e1rio:<\/strong> 07h \u00e0s 10h.<\/p>\t\t\t\t\t\t<\/div>\n\t\t\t\t<\/div>\n\t\t\t\t<div class=\"elementor-element elementor-element-fac9995 gallery-spacing-custom elementor-widget elementor-widget-image-gallery\" data-id=\"fac9995\" data-element_type=\"widget\" data-widget_type=\"image-gallery.default\">\n\t\t\t\t<div class=\"elementor-widget-container\">\n\t\t\t<style>\/*! elementor - v3.20.0 - 20-03-2024 *\/\n.elementor-image-gallery .gallery-item{display:inline-block;text-align:center;vertical-align:top;width:100%;max-width:100%;margin:0 auto}.elementor-image-gallery .gallery-item img{margin:0 auto}.elementor-image-gallery .gallery-item .gallery-caption{margin:0}.elementor-image-gallery figure img{display:block}.elementor-image-gallery figure figcaption{width:100%}.gallery-spacing-custom .elementor-image-gallery .gallery-icon{padding:0}@media (min-width:768px){.elementor-image-gallery .gallery-columns-2 .gallery-item{max-width:50%}.elementor-image-gallery .gallery-columns-3 .gallery-item{max-width:33.33%}.elementor-image-gallery .gallery-columns-4 .gallery-item{max-width:25%}.elementor-image-gallery .gallery-columns-5 .gallery-item{max-width:20%}.elementor-image-gallery .gallery-columns-6 .gallery-item{max-width:16.666%}.elementor-image-gallery .gallery-columns-7 .gallery-item{max-width:14.28%}.elementor-image-gallery .gallery-columns-8 .gallery-item{max-width:12.5%}.elementor-image-gallery .gallery-columns-9 .gallery-item{max-width:11.11%}.elementor-image-gallery .gallery-columns-10 .gallery-item{max-width:10%}}@media (min-width:480px) and (max-width:767px){.elementor-image-gallery .gallery.gallery-columns-2 .gallery-item,.elementor-image-gallery .gallery.gallery-columns-3 .gallery-item,.elementor-image-gallery .gallery.gallery-columns-4 .gallery-item,.elementor-image-gallery .gallery.gallery-columns-5 .gallery-item,.elementor-image-gallery .gallery.gallery-columns-6 .gallery-item,.elementor-image-gallery .gallery.gallery-columns-7 .gallery-item,.elementor-image-gallery .gallery.gallery-columns-8 .gallery-item,.elementor-image-gallery .gallery.gallery-columns-9 .gallery-item,.elementor-image-gallery .gallery.gallery-columns-10 .gallery-item{max-width:50%}}@media (max-width:479px){.elementor-image-gallery .gallery.gallery-columns-2 .gallery-item,.elementor-image-gallery .gallery.gallery-columns-3 .gallery-item,.elementor-image-gallery .gallery.gallery-columns-4 .gallery-item,.elementor-image-gallery .gallery.gallery-columns-5 .gallery-item,.elementor-image-gallery .gallery.gallery-columns-6 .gallery-item,.elementor-image-gallery .gallery.gallery-columns-7 .gallery-item,.elementor-image-gallery .gallery.gallery-columns-8 .gallery-item,.elementor-image-gallery .gallery.gallery-columns-9 .gallery-item,.elementor-image-gallery .gallery.gallery-columns-10 .gallery-item{max-width:100%}}<\/style>\t\t<div class=\"elementor-image-gallery\">\n\t\t\t<div id='gallery-1' class='gallery galleryid-345 gallery-columns-5 gallery-size-thumbnail'><figure class='gallery-item'>\n\t\t\t<div class='gallery-icon landscape'>\n\t\t\t\t<a data-elementor-open-lightbox=\"yes\" data-elementor-lightbox-slideshow=\"fac9995\" data-elementor-lightbox-title=\"CAFE PORTAL-25\" data-e-action-hash=\"#elementor-action%3Aaction%3Dlightbox%26settings%3DeyJpZCI6OTI0LCJ1cmwiOiJodHRwczpcL1wvcG9ydGFsaG90ZWwuY29tLmJyXC9ob3NwZWRhZ2VtXC93cC1jb250ZW50XC91cGxvYWRzXC8yMDIxXC8wNlwvQ0FGRS1QT1JUQUwtMjUuanBnIiwic2xpZGVzaG93IjoiZmFjOTk5NSJ9\" href='https:\/\/portalhotel.com.br\/hospedagem\/wp-content\/uploads\/2021\/06\/CAFE-PORTAL-25.jpg'><img decoding=\"async\" width=\"150\" height=\"150\" src=\"https:\/\/portalhotel.com.br\/hospedagem\/wp-content\/uploads\/2021\/06\/CAFE-PORTAL-25-150x150.jpg\" class=\"attachment-thumbnail size-thumbnail\" alt=\"\" \/><\/a>\n\t\t\t<\/div><\/figure><figure class='gallery-item'>\n\t\t\t<div class='gallery-icon landscape'>\n\t\t\t\t<a data-elementor-open-lightbox=\"yes\" data-elementor-lightbox-slideshow=\"fac9995\" data-elementor-lightbox-title=\"CAFE PORTAL-19\" data-e-action-hash=\"#elementor-action%3Aaction%3Dlightbox%26settings%3DeyJpZCI6OTIzLCJ1cmwiOiJodHRwczpcL1wvcG9ydGFsaG90ZWwuY29tLmJyXC9ob3NwZWRhZ2VtXC93cC1jb250ZW50XC91cGxvYWRzXC8yMDIxXC8wNlwvQ0FGRS1QT1JUQUwtMTkuanBnIiwic2xpZGVzaG93IjoiZmFjOTk5NSJ9\" href='https:\/\/portalhotel.com.br\/hospedagem\/wp-content\/uploads\/2021\/06\/CAFE-PORTAL-19.jpg'><img decoding=\"async\" width=\"150\" height=\"150\" src=\"https:\/\/portalhotel.com.br\/hospedagem\/wp-content\/uploads\/2021\/06\/CAFE-PORTAL-19-150x150.jpg\" class=\"attachment-thumbnail size-thumbnail\" alt=\"\" \/><\/a>\n\t\t\t<\/div><\/figure><figure class='gallery-item'>\n\t\t\t<div class='gallery-icon landscape'>\n\t\t\t\t<a data-elementor-open-lightbox=\"yes\" data-elementor-lightbox-slideshow=\"fac9995\" data-elementor-lightbox-title=\"CAFE PORTAL-16\" data-e-action-hash=\"#elementor-action%3Aaction%3Dlightbox%26settings%3DeyJpZCI6OTIyLCJ1cmwiOiJodHRwczpcL1wvcG9ydGFsaG90ZWwuY29tLmJyXC9ob3NwZWRhZ2VtXC93cC1jb250ZW50XC91cGxvYWRzXC8yMDIxXC8wNlwvQ0FGRS1QT1JUQUwtMTYuanBnIiwic2xpZGVzaG93IjoiZmFjOTk5NSJ9\" href='https:\/\/portalhotel.com.br\/hospedagem\/wp-content\/uploads\/2021\/06\/CAFE-PORTAL-16.jpg'><img decoding=\"async\" width=\"150\" height=\"150\" src=\"https:\/\/portalhotel.com.br\/hospedagem\/wp-content\/uploads\/2021\/06\/CAFE-PORTAL-16-150x150.jpg\" class=\"attachment-thumbnail size-thumbnail\" alt=\"\" \/><\/a>\n\t\t\t<\/div><\/figure><figure class='gallery-item'>\n\t\t\t<div class='gallery-icon landscape'>\n\t\t\t\t<a data-elementor-open-lightbox=\"yes\" data-elementor-lightbox-slideshow=\"fac9995\" data-elementor-lightbox-title=\"5d7ea200-f0dc-4833-8df3-e07932de4f57\" data-e-action-hash=\"#elementor-action%3Aaction%3Dlightbox%26settings%3DeyJpZCI6OTUwLCJ1cmwiOiJodHRwczpcL1wvcG9ydGFsaG90ZWwuY29tLmJyXC9ob3NwZWRhZ2VtXC93cC1jb250ZW50XC91cGxvYWRzXC8yMDIxXC8wNlwvNWQ3ZWEyMDAtZjBkYy00ODMzLThkZjMtZTA3OTMyZGU0ZjU3LmpwZyIsInNsaWRlc2hvdyI6ImZhYzk5OTUifQ%3D%3D\" href='https:\/\/portalhotel.com.br\/hospedagem\/wp-content\/uploads\/2021\/06\/5d7ea200-f0dc-4833-8df3-e07932de4f57.jpg'><img loading=\"lazy\" decoding=\"async\" width=\"150\" height=\"150\" src=\"https:\/\/portalhotel.com.br\/hospedagem\/wp-content\/uploads\/2021\/06\/5d7ea200-f0dc-4833-8df3-e07932de4f57-150x150.jpg\" class=\"attachment-thumbnail size-thumbnail\" alt=\"\" \/><\/a>\n\t\t\t<\/div><\/figure><figure class='gallery-item'>\n\t\t\t<div class='gallery-icon landscape'>\n\t\t\t\t<a data-elementor-open-lightbox=\"yes\" data-elementor-lightbox-slideshow=\"fac9995\" data-elementor-lightbox-title=\"CAFE PORTAL-13\" data-e-action-hash=\"#elementor-action%3Aaction%3Dlightbox%26settings%3DeyJpZCI6OTIxLCJ1cmwiOiJodHRwczpcL1wvcG9ydGFsaG90ZWwuY29tLmJyXC9ob3NwZWRhZ2VtXC93cC1jb250ZW50XC91cGxvYWRzXC8yMDIxXC8wNlwvQ0FGRS1QT1JUQUwtMTMuanBnIiwic2xpZGVzaG93IjoiZmFjOTk5NSJ9\" href='https:\/\/portalhotel.com.br\/hospedagem\/wp-content\/uploads\/2021\/06\/CAFE-PORTAL-13.jpg'><img loading=\"lazy\" decoding=\"async\" width=\"150\" height=\"150\" src=\"https:\/\/portalhotel.com.br\/hospedagem\/wp-content\/uploads\/2021\/06\/CAFE-PORTAL-13-150x150.jpg\" class=\"attachment-thumbnail size-thumbnail\" alt=\"\" \/><\/a>\n\t\t\t<\/div><\/figure><figure class='gallery-item'>\n\t\t\t<div class='gallery-icon landscape'>\n\t\t\t\t<a data-elementor-open-lightbox=\"yes\" data-elementor-lightbox-slideshow=\"fac9995\" data-elementor-lightbox-title=\"CAFE PORTAL-12\" data-e-action-hash=\"#elementor-action%3Aaction%3Dlightbox%26settings%3DeyJpZCI6OTIwLCJ1cmwiOiJodHRwczpcL1wvcG9ydGFsaG90ZWwuY29tLmJyXC9ob3NwZWRhZ2VtXC93cC1jb250ZW50XC91cGxvYWRzXC8yMDIxXC8wNlwvQ0FGRS1QT1JUQUwtMTIuanBnIiwic2xpZGVzaG93IjoiZmFjOTk5NSJ9\" href='https:\/\/portalhotel.com.br\/hospedagem\/wp-content\/uploads\/2021\/06\/CAFE-PORTAL-12.jpg'><img loading=\"lazy\" decoding=\"async\" width=\"150\" height=\"150\" src=\"https:\/\/portalhotel.com.br\/hospedagem\/wp-content\/uploads\/2021\/06\/CAFE-PORTAL-12-150x150.jpg\" class=\"attachment-thumbnail size-thumbnail\" alt=\"\" \/><\/a>\n\t\t\t<\/div><\/figure><figure class='gallery-item'>\n\t\t\t<div class='gallery-icon landscape'>\n\t\t\t\t<a data-elementor-open-lightbox=\"yes\" data-elementor-lightbox-slideshow=\"fac9995\" data-elementor-lightbox-title=\"CAFE PORTAL-10\" data-e-action-hash=\"#elementor-action%3Aaction%3Dlightbox%26settings%3DeyJpZCI6OTE5LCJ1cmwiOiJodHRwczpcL1wvcG9ydGFsaG90ZWwuY29tLmJyXC9ob3NwZWRhZ2VtXC93cC1jb250ZW50XC91cGxvYWRzXC8yMDIxXC8wNlwvQ0FGRS1QT1JUQUwtMTAuanBnIiwic2xpZGVzaG93IjoiZmFjOTk5NSJ9\" href='https:\/\/portalhotel.com.br\/hospedagem\/wp-content\/uploads\/2021\/06\/CAFE-PORTAL-10.jpg'><img loading=\"lazy\" decoding=\"async\" width=\"150\" height=\"150\" src=\"https:\/\/portalhotel.com.br\/hospedagem\/wp-content\/uploads\/2021\/06\/CAFE-PORTAL-10-150x150.jpg\" class=\"attachment-thumbnail size-thumbnail\" alt=\"\" \/><\/a>\n\t\t\t<\/div><\/figure><figure class='gallery-item'>\n\t\t\t<div class='gallery-icon landscape'>\n\t\t\t\t<a data-elementor-open-lightbox=\"yes\" data-elementor-lightbox-slideshow=\"fac9995\" data-elementor-lightbox-title=\"c2ac07bf-0036-46d6-9b92-25e59595ecd6\" data-e-action-hash=\"#elementor-action%3Aaction%3Dlightbox%26settings%3DeyJpZCI6OTUxLCJ1cmwiOiJodHRwczpcL1wvcG9ydGFsaG90ZWwuY29tLmJyXC9ob3NwZWRhZ2VtXC93cC1jb250ZW50XC91cGxvYWRzXC8yMDIxXC8wNlwvYzJhYzA3YmYtMDAzNi00NmQ2LTliOTItMjVlNTk1OTVlY2Q2LmpwZyIsInNsaWRlc2hvdyI6ImZhYzk5OTUifQ%3D%3D\" href='https:\/\/portalhotel.com.br\/hospedagem\/wp-content\/uploads\/2021\/06\/c2ac07bf-0036-46d6-9b92-25e59595ecd6.jpg'><img loading=\"lazy\" decoding=\"async\" width=\"150\" height=\"150\" src=\"https:\/\/portalhotel.com.br\/hospedagem\/wp-content\/uploads\/2021\/06\/c2ac07bf-0036-46d6-9b92-25e59595ecd6-150x150.jpg\" class=\"attachment-thumbnail size-thumbnail\" alt=\"\" \/><\/a>\n\t\t\t<\/div><\/figure><figure class='gallery-item'>\n\t\t\t<div class='gallery-icon landscape'>\n\t\t\t\t<a data-elementor-open-lightbox=\"yes\" data-elementor-lightbox-slideshow=\"fac9995\" data-elementor-lightbox-title=\"CAFE PORTAL-4\" data-e-action-hash=\"#elementor-action%3Aaction%3Dlightbox%26settings%3DeyJpZCI6OTE4LCJ1cmwiOiJodHRwczpcL1wvcG9ydGFsaG90ZWwuY29tLmJyXC9ob3NwZWRhZ2VtXC93cC1jb250ZW50XC91cGxvYWRzXC8yMDIxXC8wNlwvQ0FGRS1QT1JUQUwtNC5qcGciLCJzbGlkZXNob3ciOiJmYWM5OTk1In0%3D\" href='https:\/\/portalhotel.com.br\/hospedagem\/wp-content\/uploads\/2021\/06\/CAFE-PORTAL-4.jpg'><img loading=\"lazy\" decoding=\"async\" width=\"150\" height=\"150\" src=\"https:\/\/portalhotel.com.br\/hospedagem\/wp-content\/uploads\/2021\/06\/CAFE-PORTAL-4-150x150.jpg\" class=\"attachment-thumbnail size-thumbnail\" alt=\"\" \/><\/a>\n\t\t\t<\/div><\/figure><figure class='gallery-item'>\n\t\t\t<div class='gallery-icon landscape'>\n\t\t\t\t<a data-elementor-open-lightbox=\"yes\" data-elementor-lightbox-slideshow=\"fac9995\" data-elementor-lightbox-title=\"CAFE PORTAL\" data-e-action-hash=\"#elementor-action%3Aaction%3Dlightbox%26settings%3DeyJpZCI6OTE3LCJ1cmwiOiJodHRwczpcL1wvcG9ydGFsaG90ZWwuY29tLmJyXC9ob3NwZWRhZ2VtXC93cC1jb250ZW50XC91cGxvYWRzXC8yMDIxXC8wNlwvQ0FGRS1QT1JUQUwuanBnIiwic2xpZGVzaG93IjoiZmFjOTk5NSJ9\" href='https:\/\/portalhotel.com.br\/hospedagem\/wp-content\/uploads\/2021\/06\/CAFE-PORTAL.jpg'><img loading=\"lazy\" decoding=\"async\" width=\"150\" height=\"150\" src=\"https:\/\/portalhotel.com.br\/hospedagem\/wp-content\/uploads\/2021\/06\/CAFE-PORTAL-150x150.jpg\" class=\"attachment-thumbnail size-thumbnail\" alt=\"\" \/><\/a>\n\t\t\t<\/div><\/figure>\n\t\t<\/div>\n\t\t<\/div>\n\t\t\t\t<\/div>\n\t\t\t\t<\/div>\n\t\t\t\t\t<\/div>\n\t\t<\/div>\n\t\t\t\t\t<\/div>\n\t\t<\/section>\n\t\t\t\t<\/div>\n\t\t","protected":false},"excerpt":{"rendered":"<p>Caf\u00e9 da Manh\u00e3 Todas as di\u00e1rias incluem um saboroso caf\u00e9 da manh\u00e3 composto pelos seguintes itens: bolo doce (oito variedades), bolo salgado (duas variedades), frios (queijo, presunto, mortadela, salaminho e queijo col\u00f4nia), sucos de caixa (abacaxi e laranja), croissants doces e salgados, p\u00e3es (cacetinho, fofinho integral, fofinho doce, p\u00e3o italiano, p\u00e3o de forma e branco), [&hellip;]<\/p>\n","protected":false},"author":1,"featured_media":0,"parent":0,"menu_order":0,"comment_status":"closed","ping_status":"closed","template":"","meta":{"_monsterinsights_skip_tracking":false,"_monsterinsights_sitenote_active":false,"_monsterinsights_sitenote_note":"","_monsterinsights_sitenote_category":0,"footnotes":""},"class_list":["post-345","page","type-page","status-publish","hentry"],"aioseo_notices":[],"_links":{"self":[{"href":"https:\/\/portalhotel.com.br\/hospedagem\/wp-json\/wp\/v2\/pages\/345","targetHints":{"allow":["GET"]}}],"collection":[{"href":"https:\/\/portalhotel.com.br\/hospedagem\/wp-json\/wp\/v2\/pages"}],"about":[{"href":"https:\/\/portalhotel.com.br\/hospedagem\/wp-json\/wp\/v2\/types\/page"}],"author":[{"embeddable":true,"href":"https:\/\/portalhotel.com.br\/hospedagem\/wp-json\/wp\/v2\/users\/1"}],"replies":[{"embeddable":true,"href":"https:\/\/portalhotel.com.br\/hospedagem\/wp-json\/wp\/v2\/comments?post=345"}],"version-history":[{"count":0,"href":"https:\/\/portalhotel.com.br\/hospedagem\/wp-json\/wp\/v2\/pages\/345\/revisions"}],"wp:attachment":[{"href":"https:\/\/portalhotel.com.br\/hospedagem\/wp-json\/wp\/v2\/media?parent=345"}],"curies":[{"name":"wp","href":"https:\/\/api.w.org\/{rel}","templated":true}]}}